{"id":8082,"date":"2021-05-19T13:47:32","date_gmt":"2021-05-19T13:47:32","guid":{"rendered":"https:\/\/www.limasmith.com\/termos-e-condicoes\/"},"modified":"2021-07-23T18:14:03","modified_gmt":"2021-07-23T18:14:03","slug":"termos-e-condicoes","status":"publish","type":"page","link":"https:\/\/www.limasmith.com\/en\/termos-e-condicoes\/","title":{"rendered":"Terms and Conditions"},"content":{"rendered":"\n<h1 class=\"wp-block-heading\">\u00a0Terms and Conditions<\/h1>\n\n\n\n<p><strong>CONDI\u00c7\u00d5ES GERAIS<\/strong><\/p>\n\n\n\n<p>Os presentes termos e condi\u00e7\u00f5es estabelecem as regras de acesso e utiliza\u00e7\u00e3o do website de vendas online\/com\u00e9rcio electr\u00f3nico www.limasmith.com e todos os conte\u00fados nela contidos (salvo indica\u00e7\u00e3o em contr\u00e1rio) pertencem a Lima &amp; Smith, Lda. com morada da Sede em Rua de Mir\u00e3o \u2013 Quinta de Covela, S\u00e3o Tom\u00e9 de Covelas, 4640-211 Bai\u00e3o. Os utilizadores ou os clientes adquirentes de produtos no site www.limasmith.com , ao iniciarem a navega\u00e7\u00e3o e\/ou ao interagirem com o website, aceitam os presentes Termos e Condi\u00e7\u00f5es. Os Utilizadores podem ser consumidores finais, pessoais singulares, assim como, pessoas coletivas.<\/p>\n\n\n\n<p>Os Utilizadores t\u00eam a possibilidade de efetuar encomendas online Como tal e est\u00e3o estabelecidas, nestes Termos e Condi\u00e7\u00f5es, as regras de contrata\u00e7\u00e3o eletr\u00f3nica, sendo facultada aos Utilizadores a informa\u00e7\u00e3o pr\u00e9-contratual obrigat\u00f3ria nos termos da lei aplic\u00e1vel.<\/p>\n\n\n\n<p>Sugerimos que leia a Pol\u00edtica de Privacidade e de Prote\u00e7\u00e3o de Dados Pessoais, que cont\u00e9m as regras da Lima Smith, enquanto respons\u00e1veis pelo tratamento dos dados pessoais, relativamente ao tratamento dos dados pessoais disponibilizados na Plataforma.<\/p>\n\n\n\n<p>Todas as pessoas que pretendem efetuar compras neste Site declaram ser maiores de idade e ser portadoras de capacidade jur\u00eddica para o fazer. A utiliza\u00e7\u00e3o do Site atribui automaticamente a condi\u00e7\u00e3o de Utilizador e implica a aceita\u00e7\u00e3o, plena e sem reservas, de todas as disposi\u00e7\u00f5es inclu\u00eddas nos Termos e Condi\u00e7\u00f5es, na vers\u00e3o vigente em cada momento em que acede ao Site. Se n\u00e3o aceitar integralmente qualquer uma das condi\u00e7\u00f5es estabelecidas, n\u00e3o dever\u00e1 aceder\/utilizar o nosso Site. Ao consultar, utilizar ou descarregar o conte\u00fado do Site, est\u00e1 a comprometer-se a respeitar as condi\u00e7\u00f5es estabelecidas neste documento.<\/p>\n\n\n\n<p>O Utilizador poder\u00e1 utilizar o Site, sem necessidade de qualquer registo. No entanto, algumas das funcionalidades do Site poder\u00e3o encontrar-se dependentes de registo.<\/p>\n\n\n\n<p><strong>Funcionalidades do Site<\/strong><\/p>\n\n\n\n<p><strong>Utilizador Registado<\/strong><\/p>\n\n\n\n<p>De forma a aceder a mais funcionalidades, o Utilizador poder\u00e1 registar-se no Site. O Utilizador deve preencher um formul\u00e1rio, no qual, para al\u00e9m de elementos opcionais, dever\u00e1 indicar obrigatoriamente os seguintes dados:<\/p>\n\n\n\n<p>Primeiro e \u00faltimo nome;<\/p>\n\n\n\n<p>Endere\u00e7o de correio eletr\u00f3nico;<\/p>\n\n\n\n<p>Palavra-chave.<\/p>\n\n\n\n<p>Toda a informa\u00e7\u00e3o prestada pelo Utilizador dever\u00e1 ser correta e verdadeira. O Utilizador deve atualizar a informa\u00e7\u00e3o facultada, sempre que esta sofra quaisquer altera\u00e7\u00f5es. O Utilizador responsabiliza-se exclusivamente por quaisquer declara\u00e7\u00f5es falsas, incompletas ou incorretas que preste e pelos preju\u00edzos que estas possam provocar \u00e0 empresa ou a terceiros. N\u00e3o seremos respons\u00e1veis por eventuais danos decorrentes do uso indevido ou negligente da palavra-chave definida pelo Utilizador para acesso \u00e0 sua conta. O Utilizador dever\u00e1 assegurar a confidencialidade da respetiva palavra-chave.<\/p>\n\n\n\n<p>Todos os contactos estabelecidos com o Utilizador ser\u00e3o efetuados para o endere\u00e7o de email que o mesmo introduziu durante o seu processo de registo. Salvo indica\u00e7\u00e3o em contr\u00e1rio, as encomendas ser\u00e3o enviadas para a morada que o Utilizador introduziu durante o seu processo de registo.<\/p>\n\n\n\n<p><strong>Funcionalidades da Conta<\/strong><\/p>\n\n\n\n<p>O Utilizador Registado ter\u00e1 acesso a uma \u00e1rea pessoal, com os dados que tiver indicado no momento do registo.<\/p>\n\n\n\n<p>Atrav\u00e9s do registo, o Utilizador poder\u00e1 aceder aos dados da sua conta e proceder \u00e0 sua altera\u00e7\u00e3o ou elimina\u00e7\u00e3o definitiva. Pode consultar as suas encomendas, devolu\u00e7\u00f5es e comunica\u00e7\u00f5es com a Lima Smith.<\/p>\n\n\n\n<p><strong>Produtos<\/strong><\/p>\n\n\n\n<p>No Site encontram-se dispon\u00edveis os produtos comercializados pela Lima &amp; Smith, Lda. A informa\u00e7\u00e3o sobre os produtos apresentada no Site destina-se apenas a fornecer um breve resumo informativo para melhor conveni\u00eancia e informa\u00e7\u00e3o do visitante.<\/p>\n\n\n\n<p>Tomamos todas as provid\u00eancias para garantir que as informa\u00e7\u00f5es e os dados contidos no Site s\u00e3o precisos e atualizados, aquando da sua introdu\u00e7\u00e3o no mesmo.<\/p>\n\n\n\n<p>Reservamos o direito de alterar, apagar ou mover qualquer informa\u00e7\u00e3o no Site, a qualquer momento, sem aviso pr\u00e9vio.<\/p>\n\n\n\n<p>Os Utilizadores aceitam e reconhecem expressamente que:<\/p>\n\n\n\n<p>\u00b7 Devem consultar informa\u00e7\u00e3o detalhada sobre os produtos e as respetivas carater\u00edsticas\/especifica\u00e7\u00f5es;<\/p>\n\n\n\n<p>\u00b7 O pre\u00e7o exposto \u00e9 o pre\u00e7o recomendado, incluindo IVA \u00e0 taxa legal e portes. Se houver lugar \u00e0 cobran\u00e7a de portes, o respetivo custo estar\u00e1 claramente indicado. Todos os produtos vendidos ser\u00e3o faturados por programa certificado pela AT.<\/p>\n\n\n\n<p>\u00b7 Faremos todos os esfor\u00e7os razo\u00e1veis para incluir informa\u00e7\u00e3o exata e atualizada sobre os produtos no Site. N\u00e3o obstante, n\u00e3o o podemos garantir;<\/p>\n\n\n\n<p>\u00b7 N\u00e3o garantimos a exist\u00eancia em stock dos artigos inclu\u00eddos no Site, nem t\u00e3o pouco assumimos a responsabilidade por artigos descontinuados.<\/p>\n\n\n\n<p><strong>Pre\u00e7os<\/strong><\/p>\n\n\n\n<p>Salvo onde expressamente referido, os pre\u00e7os indicados no Site s\u00e3o em Euros e aplicam-se a um territ\u00f3rio pr\u00e9-definido que pode corresponder ao Pa\u00eds ou Regi\u00e3o que o Utilizador indicou no momento da compra. Neste pre\u00e7o est\u00e1 inclu\u00eddo o IVA \u00e0 taxa legal em vigor em Portugal no dia da aquisi\u00e7\u00e3o.<\/p>\n\n\n\n<p>A Lima &amp; Smith, Lda. reserva-se ao direito de alterar a qualquer momento e sem aviso pr\u00e9vio o pre\u00e7o de qualquer produto, n\u00e3o podendo assumir quaisquer diferen\u00e7as que o Utilizador venha reclamar em virtude desta altera\u00e7\u00e3o. Salvo qualquer erro que resulte da introdu\u00e7\u00e3o dos valores no Site, que possa vir a ser detetado, o pre\u00e7o de venda de um produto ser\u00e1 o pre\u00e7o unit\u00e1rio indicado no momento de registo da compra. Em caso de erro como referido, a Lima &amp; Smith, Lda. compete a responsabilidade de avisar o Utilizador das eventuais diferen\u00e7as e este tem o direito de anular ou modificar a sua encomenda ou de prosseguir com a mesma tendo em conta os pre\u00e7os corretos que lhe tenham sido transmitidos, n\u00e3o lhe sendo conferido o direito de adquirir o produto pelo pre\u00e7o que erradamente estaria indicado.<\/p>\n\n\n\n<p>O pre\u00e7o indicado para cada artigo n\u00e3o inclui o custo de transporte. Estes custos ser\u00e3o indicados durante o processo de encomenda. Os portes de envio ser\u00e3o explicados em maior detalhe neste documento. O Utilizador \u00e9 totalmente respons\u00e1vel pelo pagamento de taxas, despesas, impostos ou outros valores que lhe sejam exigidos pelas autoridades do Pa\u00eds onde se encontra e para<\/p>\n\n\n\n<p>onde solicitou a entrega da sua encomenda. Em caso algum, estes valores estar\u00e3o considerados nos valores a pagar \u00e0 Lima &amp; Smith, Lda.<\/p>\n\n\n\n<p><em>Portes e Entrega de Encomendas<\/em><\/p>\n\n\n\n<p><strong>C\u00e1lculo dos Portes de Envio<\/strong><\/p>\n\n\n\n<p>Nas encomendas no nosso site n\u00e3o existe quantidade m\u00ednima. Aos produtos adicionados ao seu carrinho acrescem os custos de entrega, que ser\u00e3o calculados de acordo com o peso dos artigos. Para encomendas superiores a 60\u20ac, os portes de envio s\u00e3o gratuitos.<\/p>\n\n\n\n<p><strong>Modalidades de Entrega<\/strong><\/p>\n\n\n\n<p>O servi\u00e7o de entrega ser\u00e1 prestado por entidades externas \u00e0 Lima &amp; Smith, Lda. , e foram selecionadas de forma a garantir um servi\u00e7o rigoroso e de qualidade. Aquando do registo de encomenda pelo Utilizador, ser\u00e3o apresentadas automaticamente as op\u00e7\u00f5es existentes para aquela encomenda, sendo indicado o valor a pagar.<\/p>\n\n\n\n<p><strong>Tempo de Entrega<\/strong><\/p>\n\n\n\n<p>Para Portugal Continental o tempo previsto para a entrega da encomenda \u00e9 de aproximadamente 3-5 dias \u00fateis para produtos em stock. Caso o produto selecionado n\u00e3o se encontre dispon\u00edvel para envio imediato, o cliente ser\u00e1 informado da nova data de entrega.<\/p>\n\n\n\n<p><strong>Entrega de Encomenda<\/strong><\/p>\n\n\n\n<p>As encomendas ser\u00e3o entregues na morada que o Utilizador indicou durante o processo de registo no Site ou, caso tenha usado esta funcionalidade, na morada que foi indicada como morada alternativa de entrega durante o processo de encomenda. Qualquer altera\u00e7\u00e3o permanente da morada, ter\u00e1 que ser efetuada pelo Utilizador atualizando os seus dados de registo. Como j\u00e1 referido, Lima &amp; Smith, Lda. n\u00e3o se responsabilizar\u00e1 pelos danos ou preju\u00edzos causados pela exist\u00eancia de dados incorretos na ficha do Utilizador.<\/p>\n\n\n\n<p>A Lima &amp; Smith, Lda. recomenda sempre a escolha de uma morada de entrega onde esteja algu\u00e9m para receber a encomenda durante as horas normais de trabalho.<\/p>\n\n\n\n<p><strong>Navega\u00e7\u00e3o no Site<\/strong><\/p>\n\n\n\n<p>O Utilizador pode navegar livremente no Site mesmo sem estar registado no mesmo e, ao faz\u00ea-lo, n\u00e3o incorre em qualquer obriga\u00e7\u00e3o de efetuar uma encomenda. Poder\u00e1 efetuar a compra sem necessidade de registo na \u00e1rea de cliente.<\/p>\n\n\n\n<p><strong>Registo de Encomendas<\/strong><\/p>\n\n\n\n<p>Para efetuar o registo de uma encomenda o Utilizador ter\u00e1 que adicionar ao carrinho de compras os artigos que pretender, tendo a possibilidade de remover ou alterar os artigos selecionados. Ap\u00f3s a sele\u00e7\u00e3o de artigos dever\u00e1 escolher a op\u00e7\u00e3o \u201cFinalizar Compra\u201d. No passo seguinte ir\u00e1 inserir os dados de entrega (nome, email, telefone, morada, c\u00f3digo postal e localidade) ou fazer login na sua \u00e1rea de cliente. De seguida, ter\u00e1 que escolher o m\u00e9todo de entrega que ir\u00e1 calcular automaticamente os portes de envio e a modalidade de pagamento, assim como poder\u00e1 introduzir qualquer voucher que tenha em sua posse.<\/p>\n\n\n\n<p><strong>Pagamento de Encomendas<\/strong><\/p>\n\n\n\n<p>Os m\u00e9todos de pagamento dispon\u00edveis s\u00e3o:<\/p>\n\n\n\n<p>Refer\u00eancia Multibanco<\/p>\n\n\n\n<p>Mbway<\/p>\n\n\n\n<p>Cart\u00e3o d\u00e9bito\/cr\u00e9dito Stripe<\/p>\n\n\n\n<p><strong>Finaliza\u00e7\u00e3o de Encomendas<\/strong><\/p>\n\n\n\n<p>Antes de finalizar a encomenda atrav\u00e9s da sele\u00e7\u00e3o da op\u00e7\u00e3o de pagamento, dever\u00e1 confirmar todos os dados, podendo voltar atr\u00e1s e modificar a sua encomenda, a forma de pagamento ou de entrega. Ap\u00f3s Finalizar a Encomenda, esta torna-se definitiva n\u00e3o sendo poss\u00edvel a sua altera\u00e7\u00e3o. O Utilizador receber\u00e1 de imediato um email a confirmar o registo da encomenda e mostrando os seus detalhes, nomeadamente: artigos encomendados e respetivos pre\u00e7os, valor dos portes e taxas de pagamento aplic\u00e1veis, descontos aplic\u00e1veis e estado do pagamento. A ordem de encomenda ser\u00e1 arquivada pela Lima &amp; Smith, Lda. informaticamente e\/ou fisicamente com o simples objetivo de registar as encomendas efetuadas e o seu processamento. Esta ordem de encomenda serve de prova da rela\u00e7\u00e3o contratual de compra e venda estabelecida entre o Utilizador e a Lima &amp; Smith, Lda. No caso de o pagamento ser efetuado atrav\u00e9s de Mbway ou Cart\u00e3o de cr\u00e9dito\/d\u00e9bito e ap\u00f3s este pagamento se efetivar, a encomenda ser\u00e1 registada e confirmada no nosso sistema de forma imediata.<\/p>\n\n\n\n<p><strong>Confirma\u00e7\u00e3o de Encomenda<\/strong><\/p>\n\n\n\n<p>Todas as encomendas ser\u00e3o confirmadas pela Lima &amp; Smith, Lda. com o envio de um email que refletir\u00e1 o prazo de entrega previsto e os dados de envio. Em caso de rotura de stock, a Lima &amp; Smith, Lda. entrar\u00e1 em contacto com o Utilizador indicando a data prevista de entrega do(s) artigo(s) em falta.<\/p>\n\n\n\n<p><strong>Pol\u00edtica de Devolu\u00e7\u00e3o<\/strong><\/p>\n\n\n\n<p>Altera\u00e7\u00e3o, Cancelamento e Devolu\u00e7\u00e3o de Encomendas<\/p>\n\n\n\n<p>O Utilizador poder\u00e1 cancelar ou alterar a sua encomenda no prazo m\u00e1ximo de 4 horas, atrav\u00e9s de mensagem de correio eletr\u00f3nico para shop@limasmith.com ou contacto telef\u00f3nico para +351 254 886 298<\/p>\n\n\n\n<p>Ap\u00f3s a rece\u00e7\u00e3o da encomenda, o Utilizador disp\u00f5e de um prazo de 14 dias, para resolver o contrato de compra e venda celebrado no Site (devolu\u00e7\u00e3o total ou parcial da encomenda), devendo para tal notificar a Lima &amp; Smith, Lda. atrav\u00e9s de uma mensagem de correio eletr\u00f3nico para shop@limasmith.com (De acordo com o Dec. Lei 24\/2014 de 14 de fevereiro)<\/p>\n\n\n\n<p><strong>Procedimento de Devolu\u00e7\u00e3o<\/strong><\/p>\n\n\n\n<p>O Utilizador dever\u00e1 enviar os artigos que pretende devolver, para a Lima &amp; Smith, Lda. considerando a seguinte morada:<\/p>\n\n\n\n<p>Rua de Mir\u00e3o \u2013 Quinta de Covela, S\u00e3o Tom\u00e9 de Covelas, 4640-211 Bai\u00e3o.<\/p>\n\n\n\n<p>O exerc\u00edcio do direito de resolu\u00e7\u00e3o (devolu\u00e7\u00e3o de artigos) dever\u00e1 respeitar as seguintes condi\u00e7\u00f5es:<\/p>\n\n\n\n<p>\u00b7 Restitui\u00e7\u00e3o dos artigos em devidas condi\u00e7\u00f5es de utiliza\u00e7\u00e3o;<\/p>\n\n\n\n<p>\u00b7 Restitui\u00e7\u00e3o dos artigos com todas as etiquetas, inclusive a do pre\u00e7o ou c\u00f3digo de barras;<\/p>\n\n\n\n<p>\u00b7 Restitui\u00e7\u00e3o dos artigos nas embalagens originais em perfeitas condi\u00e7\u00f5es;<\/p>\n\n\n\n<p>\u00b7 Restitui\u00e7\u00e3o dos artigos sem terem sido usados;<\/p>\n\n\n\n<p>\u00b7 Os produtos dever\u00e3o ser devolvidos no prazo m\u00e1ximo de 14 (catorze) dias a contar da data da rece\u00e7\u00e3o da encomenda, acompanhados do respetivo comprovativo de compra;<\/p>\n\n\n\n<p>\u00b7 Os custos com as devolu\u00e7\u00f5es, exceto em casos devidamente reconhecidos pela Lima &amp; Smith, Lda. ser\u00e3o sempre suportados pelo Utilizador. Isto \u00e9, o valor de portes e taxas pagos pelo Utilizador na rece\u00e7\u00e3o da encomenda e o valor que tenha que pagar para devolver a mesma.<\/p>\n\n\n\n<p>\u00b7 Indicar \u00e0 Lima &amp; Smith, Lda. por qual das modalidades pretende optar para regularizar a sua devolu\u00e7\u00e3o.<\/p>\n\n\n\n<p><strong>Modalidades de Devolu\u00e7\u00e3o<\/strong><\/p>\n\n\n\n<p><strong>Devolu\u00e7\u00e3o para Troca por Outro Artigo<\/strong><\/p>\n\n\n\n<p>Se ao efetuar uma devolu\u00e7\u00e3o o Utilizador pretende trocar os artigos devolvidos por outros artigos, dever\u00e1 mencion\u00e1-lo quando comunica a inten\u00e7\u00e3o de devolu\u00e7\u00e3o, indicando claramente quais os artigos que pretende receber em troca. Neste caso, para al\u00e9m de suportar os portes iniciais da encomenda e da devolu\u00e7\u00e3o, o Utilizador ter\u00e1 ainda que suportar os portes de envio dos novos artigos.<\/p>\n\n\n\n<p>No caso do valor dos artigos devolvidos ser diferente do valor dos artigos pretendidos por troca, haver\u00e1 lugar \u00e0 retifica\u00e7\u00e3o das diferen\u00e7as do seguinte modo: se os artigos devolvidos forem de valor inferior aos solicitados em troca o Utilizador dever\u00e1 efetuar o pagamento da diferen\u00e7a, se este valor for superior ao dos artigos solicitados em troca o Utilizador pode optar pela devolu\u00e7\u00e3o da diferen\u00e7a escolhendo a emiss\u00e3o de um vale ou o reembolso.<\/p>\n\n\n\n<p><strong>Devolu\u00e7\u00e3o para Reembolso<\/strong><\/p>\n\n\n\n<p>O Utilizador poder\u00e1 solicitar que lhe seja efetuado o reembolso correspondente ao valor dos artigos devolvidos. Neste caso a Lima &amp; Smith, Lda. compromete-se a reembolsar o valor, sujeito aos devidos ajustamentos, quando aplic\u00e1veis, sendo utilizado sempre que poss\u00edvel a mesma via pela qual foi efetuado o pagamento e no prazo m\u00e1ximo de 30 dias a contar da rece\u00e7\u00e3o dos artigos.<\/p>\n\n\n\n<p><strong>Ajustamentos ao Valor dos Reembolsos<\/strong><\/p>\n\n\n\n<p>Sempre que a devolu\u00e7\u00e3o de um ou mais artigos, que tenham sido adquiridos com um desconto atribu\u00eddo com base no valor da compra, implique que o limite m\u00ednimo do valor da compra para atribui\u00e7\u00e3o desse desconto deixe de ser cumprido, o valor a reembolsar ser\u00e1 ajustado proporcionalmente em fun\u00e7\u00e3o do valor que foi efetivamente pago.<\/p>\n\n\n\n<p><strong>Propriedade Intelectual<\/strong><\/p>\n\n\n\n<p>Salvo disposi\u00e7\u00e3o em contr\u00e1rio, os conte\u00fados do Site, texto, gr\u00e1ficos, fotografias tem direitos reservados \u00e0 empresa, sendo proibida a sua utiliza\u00e7\u00e3o, com fins comerciais ou n\u00e3o.<\/p>\n\n\n\n<p><strong>Limita\u00e7\u00e3o de Responsabilidade<\/strong><\/p>\n\n\n\n<p>O Utilizador ser\u00e1 respons\u00e1vel pelo conte\u00fado da informa\u00e7\u00e3o enviada ou transmitida para o Site. \u00c9 do conhecimento do Utilizador que a utiliza\u00e7\u00e3o do Site poder\u00e1 n\u00e3o ser 100% segura, existindo a possibilidade das informa\u00e7\u00f5es enviadas\/recebidas serem intercetadas por partes n\u00e3o autorizadas, n\u00e3o sendo a empresa respons\u00e1vel por falhas na seguran\u00e7a das comunica\u00e7\u00f5es e n\u00e3o assumindo qualquer responsabilidade pelo uso indevido da sua informa\u00e7\u00e3o por terceiros.<\/p>\n\n\n\n<p>O Utilizador reconhece que o acesso e utiliza\u00e7\u00e3o do Site poder\u00e1 sofrer interrup\u00e7\u00f5es e que a informa\u00e7\u00e3o do Site pode conter bugs, erros, falhas t\u00e9cnicas, problemas ou outras limita\u00e7\u00f5es. O Site pode conter liga\u00e7\u00f5es para outras p\u00e1ginas eletr\u00f3nicas ou ser acedido atrav\u00e9s de outras p\u00e1ginas eletr\u00f3nicas. N\u00e3o pode a empresa ser responsabilizada pelas mesmas, nomeadamente pelo controlo dos conte\u00fados, disponibilidade, operacionalidade ou desempenho.<\/p>\n\n\n\n<p>Nos termos m\u00e1ximos permitidos por lei, a empresa exclui qualquer responsabilidade, direta ou indireta, pela utiliza\u00e7\u00e3o do Site.<\/p>\n\n\n\n<p><strong>Disposi\u00e7\u00f5es Finais<\/strong><\/p>\n\n\n\n<p>No caso de viola\u00e7\u00e3o dos presentes Termos e Condi\u00e7\u00f5es, reservamos o direito de exercer toda e qualquer a\u00e7\u00e3o legalmente prevista. Al\u00e9m disso, reservamos o direito de, discricionariamente, dar como terminado o acesso ou utiliza\u00e7\u00e3o do Site, com ou sem notifica\u00e7\u00e3o do Utilizador. Os Termos e Condi\u00e7\u00f5es de utiliza\u00e7\u00e3o do Site s\u00e3o regulados de acordo com as leis em vigor. Se qualquer provis\u00e3o aqui descrita for considerada ilegal, nula, ou por qualquer raz\u00e3o inexequ\u00edvel, essa provis\u00e3o ser\u00e1 eliminada ou reduzida nos termos da lei, n\u00e3o afetando a validade e exequibilidade das restantes provis\u00f5es.<\/p>\n\n\n\n<p>Reservamos o direito de alterar os presentes Termos e Condi\u00e7\u00f5es sem aviso pr\u00e9vio. O Utilizador est\u00e1 vinculado \u00e0 vers\u00e3o dos Termos e Condi\u00e7\u00f5es no momento da sua utiliza\u00e7\u00e3o, pelo que recomendamos a sua consulta peri\u00f3dica.<\/p>\n","protected":false},"excerpt":{"rendered":"<p>\u00a0Terms and Conditions CONDI\u00c7\u00d5ES GERAIS Os presentes termos e condi\u00e7\u00f5es estabelecem as regras de acesso e utiliza\u00e7\u00e3o do website de vendas online\/com\u00e9rcio electr\u00f3nico www.limasmith.com e&#8230;<\/p>\n","protected":false},"author":1,"featured_media":0,"parent":0,"menu_order":0,"comment_status":"closed","ping_status":"closed","template":"","meta":{"_acf_changed":false,"footnotes":""},"class_list":["post-8082","page","type-page","status-publish"],"acf":[],"_links":{"self":[{"href":"https:\/\/www.limasmith.com\/en\/wp-json\/wp\/v2\/pages\/8082","targetHints":{"allow":["GET"]}}],"collection":[{"href":"https:\/\/www.limasmith.com\/en\/wp-json\/wp\/v2\/pages"}],"about":[{"href":"https:\/\/www.limasmith.com\/en\/wp-json\/wp\/v2\/types\/page"}],"author":[{"embeddable":true,"href":"https:\/\/www.limasmith.com\/en\/wp-json\/wp\/v2\/users\/1"}],"replies":[{"embeddable":true,"href":"https:\/\/www.limasmith.com\/en\/wp-json\/wp\/v2\/comments?post=8082"}],"version-history":[{"count":1,"href":"https:\/\/www.limasmith.com\/en\/wp-json\/wp\/v2\/pages\/8082\/revisions"}],"predecessor-version":[{"id":8083,"href":"https:\/\/www.limasmith.com\/en\/wp-json\/wp\/v2\/pages\/8082\/revisions\/8083"}],"wp:attachment":[{"href":"https:\/\/www.limasmith.com\/en\/wp-json\/wp\/v2\/media?parent=8082"}],"curies":[{"name":"wp","href":"https:\/\/api.w.org\/{rel}","templated":true}]}}